{"id":161,"date":"2024-02-09T00:00:00","date_gmt":"2024-02-09T12:12:57","guid":{"rendered":"https:\/\/demo.webdigify.com\/WCM04\/WCM117_flora\/?post_type=product&#038;p=161"},"modified":"2025-12-10T23:03:40","modified_gmt":"2025-12-11T04:03:40","slug":"rose-preserved-flowers","status":"publish","type":"product","link":"https:\/\/florerialaberinto.com\/?product=rose-preserved-flowers","title":{"rendered":"Amor Puro"},"content":{"rendered":"<ul data-start=\"564\" data-end=\"901\">\n<li data-start=\"564\" data-end=\"637\">\n<p data-start=\"566\" data-end=\"637\">\ud83c\udf3b <strong data-start=\"569\" data-end=\"590\">Girasoles frescos<\/strong> que aportan luz, alegr\u00eda y energ\u00eda positiva.<\/p>\n<\/li>\n<li data-start=\"638\" data-end=\"705\">\n<p data-start=\"640\" data-end=\"705\">\ud83c\udf39 <strong data-start=\"643\" data-end=\"666\">Rosas rojas premium<\/strong> simbolizando amor, pasi\u00f3n y entrega.<\/p>\n<\/li>\n<li data-start=\"706\" data-end=\"764\">\n<p data-start=\"708\" data-end=\"764\">\u2764\ufe0f <strong data-start=\"711\" data-end=\"739\">Base en forma de coraz\u00f3n<\/strong>, exclusiva y elegante.<\/p>\n<\/li>\n<li data-start=\"765\" data-end=\"838\">\n<p data-start=\"767\" data-end=\"838\">\ud83d\udda4 <strong data-start=\"770\" data-end=\"805\">Caja negra con detalles dorados<\/strong>, estilo sofisticado y moderno.<\/p>\n<\/li>\n<li data-start=\"839\" data-end=\"901\">\n<p data-start=\"841\" data-end=\"901\">\ud83c\udf3f <strong data-start=\"844\" data-end=\"863\">Follaje natural<\/strong> que realza la belleza de cada flor.<\/p>\n<\/li>\n<\/ul>\n<h3 data-start=\"903\" data-end=\"923\"><strong data-start=\"907\" data-end=\"923\">\u2728 Ideal para<\/strong><\/h3>\n<ul data-start=\"924\" data-end=\"1067\">\n<li data-start=\"924\" data-end=\"953\">\n<p data-start=\"926\" data-end=\"953\">\u2764\ufe0f Sorprender a tu pareja<\/p>\n<\/li>\n<li data-start=\"954\" data-end=\"973\">\n<p data-start=\"956\" data-end=\"973\">\ud83c\udf89 Aniversarios<\/p>\n<\/li>\n<li data-start=\"974\" data-end=\"1005\">\n<p data-start=\"976\" data-end=\"1005\">\ud83d\udc8d Declaraciones rom\u00e1nticas<\/p>\n<\/li>\n<li data-start=\"1006\" data-end=\"1067\">\n<p data-start=\"1008\" data-end=\"1067\">\ud83c\udf81 Regalos especiales que expresan sentimientos profundos<\/p>\n<\/li>\n<\/ul>\n","protected":false},"excerpt":{"rendered":"<p>Un elegante y radiante arreglo que combina <strong data-start=\"292\" data-end=\"324\">rosas rojas de tallo premium<\/strong> con <strong data-start=\"329\" data-end=\"352\">girasoles luminosos<\/strong>, creando una expresi\u00f3n perfecta de amor sincero, energ\u00eda y admiraci\u00f3n.<\/p>\n","protected":false},"featured_media":946,"comment_status":"open","ping_status":"closed","template":"","meta":{"_eb_attr":"","_bst_post_transparent":"default","_bst_post_title":"","_bst_post_layout":"default","_bst_post_sidebar_id":"","_bst_post_content_style":"default","_bst_post_vertical_padding":"default","_bst_post_feature":"","_bst_post_feature_position":"","_bst_post_header":false,"_bst_post_footer":false,"_joinchat":[]},"product_brand":[],"product_cat":[97,73,75,48,53,55],"product_tag":[],"product_brands":[],"class_list":{"0":"post-161","1":"product","2":"type-product","3":"status-publish","4":"has-post-thumbnail","6":"product_cat-14-de-febrero","7":"product_cat-calla-lily","8":"product_cat-focal-flowers","9":"product_cat-fresh-roses","10":"product_cat-mixed-bouquets","11":"product_cat-our-store","13":"first","14":"outofstock","15":"sale","16":"taxable","17":"shipping-taxable","18":"purchasable","19":"product-type-simple","20":"entry","21":"content-bg","22":"loop-entry"},"_links":{"self":[{"href":"https:\/\/florerialaberinto.com\/index.php?rest_route=\/wp\/v2\/product\/161","targetHints":{"allow":["GET"]}}],"collection":[{"href":"https:\/\/florerialaberinto.com\/index.php?rest_route=\/wp\/v2\/product"}],"about":[{"href":"https:\/\/florerialaberinto.com\/index.php?rest_route=\/wp\/v2\/types\/product"}],"replies":[{"embeddable":true,"href":"https:\/\/florerialaberinto.com\/index.php?rest_route=%2Fwp%2Fv2%2Fcomments&post=161"}],"wp:featuredmedia":[{"embeddable":true,"href":"https:\/\/florerialaberinto.com\/index.php?rest_route=\/wp\/v2\/media\/946"}],"wp:attachment":[{"href":"https:\/\/florerialaberinto.com\/index.php?rest_route=%2Fwp%2Fv2%2Fmedia&parent=161"}],"wp:term":[{"taxonomy":"product_brand","embeddable":true,"href":"https:\/\/florerialaberinto.com\/index.php?rest_route=%2Fwp%2Fv2%2Fproduct_brand&post=161"},{"taxonomy":"product_cat","embeddable":true,"href":"https:\/\/florerialaberinto.com\/index.php?rest_route=%2Fwp%2Fv2%2Fproduct_cat&post=161"},{"taxonomy":"product_tag","embeddable":true,"href":"https:\/\/florerialaberinto.com\/index.php?rest_route=%2Fwp%2Fv2%2Fproduct_tag&post=161"},{"taxonomy":"product_brands","embeddable":true,"href":"https:\/\/florerialaberinto.com\/index.php?rest_route=%2Fwp%2Fv2%2Fproduct_brands&post=161"}],"curies":[{"name":"wp","href":"https:\/\/api.w.org\/{rel}","templated":true}]}}